{"id":7,"date":"2025-08-03T17:35:11","date_gmt":"2025-08-03T15:35:11","guid":{"rendered":"https:\/\/monpouvoir.fr\/?page_id=7"},"modified":"2025-08-03T18:00:41","modified_gmt":"2025-08-03T16:00:41","slug":"action-du-mois-d-aout-je-vide-mon-livret-a-pour-dire-stop","status":"publish","type":"page","link":"https:\/\/monpouvoir.fr\/index.php\/action-du-mois-d-aout-je-vide-mon-livret-a-pour-dire-stop\/","title":{"rendered":"Chaque mois, une action \u00e0 effet levier.<div><div>Ao\u00fbt 2025: je vide mon livret A<\/div><\/div>"},"content":{"rendered":"\n<p>Contre les abus de pouvoir, les privil\u00e8ges, l&rsquo;impunit\u00e9 fiscale et p\u00e9nale.<\/p>\n\n\n\n<p><strong>Pourquoi maintenant ?<\/strong><\/p>\n\n\n\n<ul class=\"wp-block-list\">\n<li>Le taux du livret A est pass\u00e9 de 2,5% \u00e0 1,7% au 1er ao\u00fbt 2025.<\/li>\n\n\n\n<li>L&rsquo;inflation est de 2% =&gt; perte pouvoir d&rsquo;achat 0,3% avec le livret A, r\u00e9mun\u00e9rateur n\u00e9gatif.<\/li>\n\n\n\n<li>430 milliards \u20ac en France 2024 sur livret A, servant pour le logement mais aussi \u00e0 rapporter \u00e0 l&rsquo;\u00c9tat par un emprunt \u00e0&lt;0% qui lui rapporte \u00e0 lui !. (Roulement de l&#8217;emprunt de la dette tous les 10 ans)<\/li>\n<\/ul>\n\n\n\n<p><\/p>\n\n\n\n<div class=\"wp-block-buttons is-layout-flex wp-block-buttons-is-layout-flex\">\n<div class=\"wp-block-button\"><a class=\"wp-block-button__link wp-element-button\">Montant retir\u00e9 de mon livret A<\/a><\/div>\n\n\n\n<div class=\"wp-block-button\"><a class=\"wp-block-button__link wp-element-button\">Montant total retir\u00e9 par les participants<\/a><\/div>\n\n\n\n<div class=\"wp-block-button\"><a class=\"wp-block-button__link wp-element-button\">Preuve anonyme facultative pour \u00e9viter la minoration du ph\u00e9nom\u00e8ne par les m\u00e9dias<\/a><\/div>\n<\/div>\n\n\n\n<p>La personne proposant cette initiative mensuelle (quelques mois suffiront pour faire bouger les choses), n&rsquo;est membre d&rsquo;aucun parti politique, d&rsquo;aucune association, ne vend rien. Juste un individu lambda fran\u00e7ais qui se renseigne et souhaite agir \u00e0 ses propres frais en temps et argent. Rien d&rsquo;utopique en soi, ni de p\u00e9dant.<\/p>\n\n\n\n<p>Aucun placement alternatif n&rsquo;est propos\u00e9, il y en a pl\u00e9thore, \u00e9thique ou non, fa\u00eetes vos jeux, rien ne va plus !<\/p>\n\n\n\n<p>Il s&rsquo;agit juste d&rsquo;un appel \u00e0 l&rsquo;action citoyenne contre l&rsquo;opacit\u00e9 d\u00e9lib\u00e9r\u00e9e, les privil\u00e8ges \u00e9hont\u00e9s, les paradis fiscaux, l&rsquo;impunit\u00e9 fiscale et p\u00e9nale des \u00e9lus et dirigeants de certains grands groupes industriels, pour qui nous faisons toujours plus d&rsquo;efforts.<\/p>\n\n\n\n<p>Une fois contr\u00f4l\u00e9s et stopp\u00e9s, ces sommes colossales pourront \u00e0 elles seules stopper cette politique d&rsquo;aust\u00e9rit\u00e9 bien man\u0153uvr\u00e9e en cette p\u00e9riode d&rsquo;effort de guerre qui appelle \u00e0 la docilit\u00e9 du bon citoyen, de d\u00e9ficit abyssale et de p\u00e9riode id\u00e9ale de la France endormie pendant ses cong\u00e9s d&rsquo;\u00e9t\u00e9.<\/p>\n\n\n\n<p>=&gt;Stopper donc ces efforts ill\u00e9gitimes, de fait, demand\u00e9s \u00e0 la population(budgets retraite, sant\u00e9, \u00e9ducation, environnement, \u00e9nergie, aides sociales, taxes carburant, \u00e9nergie, jours f\u00e9ri\u00e9s&#8230;)<\/p>\n\n\n\n<p class=\"is-style-default\">Pas d&rsquo;intention de vote, pas de manifestation, pas de cookies de tracking, pas de partenariat commercial, simplement une initiative au boycott ou buycott ces prochains mois. Initiative qu&rsquo;il est bon de cumuler pour peser davantage bien s\u00fbr.<\/p>\n\n\n\n<p>Chaque mois, une initiative pr\u00e9cise et simple est propos\u00e9e pour serrer la ceinture aux bonnes cibles. \u00c7a va swinguer !<\/p>\n\n\n\n<p><\/p>\n","protected":false},"excerpt":{"rendered":"<p>Contre les abus de pouvoir, les privil\u00e8ges, l&rsquo;impunit\u00e9 fiscale et p\u00e9nale. Pourquoi maintenant ? La personne proposant cette initiative mensuelle (quelques mois suffiront pour faire bouger les choses), n&rsquo;est membre d&rsquo;aucun parti politique, d&rsquo;aucune association, ne vend rien. Juste un individu lambda fran\u00e7ais qui se renseigne et souhaite agir \u00e0 ses propres frais en temps [&hellip;]<\/p>\n","protected":false},"author":1,"featured_media":0,"parent":0,"menu_order":0,"comment_status":"closed","ping_status":"closed","template":"","meta":{"footnotes":""},"class_list":["post-7","page","type-page","status-publish","hentry"],"_links":{"self":[{"href":"https:\/\/monpouvoir.fr\/index.php\/wp-json\/wp\/v2\/pages\/7","targetHints":{"allow":["GET"]}}],"collection":[{"href":"https:\/\/monpouvoir.fr\/index.php\/wp-json\/wp\/v2\/pages"}],"about":[{"href":"https:\/\/monpouvoir.fr\/index.php\/wp-json\/wp\/v2\/types\/page"}],"author":[{"embeddable":true,"href":"https:\/\/monpouvoir.fr\/index.php\/wp-json\/wp\/v2\/users\/1"}],"replies":[{"embeddable":true,"href":"https:\/\/monpouvoir.fr\/index.php\/wp-json\/wp\/v2\/comments?post=7"}],"version-history":[{"count":7,"href":"https:\/\/monpouvoir.fr\/index.php\/wp-json\/wp\/v2\/pages\/7\/revisions"}],"predecessor-version":[{"id":14,"href":"https:\/\/monpouvoir.fr\/index.php\/wp-json\/wp\/v2\/pages\/7\/revisions\/14"}],"wp:attachment":[{"href":"https:\/\/monpouvoir.fr\/index.php\/wp-json\/wp\/v2\/media?parent=7"}],"curies":[{"name":"wp","href":"https:\/\/api.w.org\/{rel}","templated":true}]}}